{"id":613,"date":"2022-01-13T12:53:21","date_gmt":"2022-01-13T12:53:21","guid":{"rendered":"http:\/\/tornedalen.org.www54.zoner-asiakas.fi\/?page_id=613"},"modified":"2022-05-31T12:37:52","modified_gmt":"2022-05-31T12:37:52","slug":"tapahtumat","status":"publish","type":"page","link":"https:\/\/tornedalen.org\/sv\/tapahtumat\/","title":{"rendered":"Evenemang"},"content":{"rendered":"<div data-elementor-type=\"wp-page\" data-elementor-id=\"613\" class=\"elementor elementor-613\" data-elementor-post-type=\"page\">\n\t\t\t\t\t\t<section class=\"elementor-section elementor-top-section elementor-element elementor-element-0ca3338 elementor-section-boxed elementor-section-height-default elementor-section-height-default\" data-id=\"0ca3338\" data-element_type=\"section\" data-e-type=\"section\">\n\t\t\t\t\t\t<div class=\"elementor-container elementor-column-gap-default\">\n\t\t\t\t\t<div class=\"elementor-column elementor-col-100 elementor-top-column elementor-element elementor-element-a650c7a\" data-id=\"a650c7a\" data-element_type=\"column\" data-e-type=\"column\">\n\t\t\t<div class=\"elementor-widget-wrap elementor-element-populated\">\n\t\t\t\t\t\t<section class=\"elementor-section elementor-inner-section elementor-element elementor-element-dabfbf7 elementor-reverse-mobile elementor-section-boxed elementor-section-height-default elementor-section-height-default\" data-id=\"dabfbf7\" data-element_type=\"section\" data-e-type=\"section\">\n\t\t\t\t\t\t<div class=\"elementor-container elementor-column-gap-no\">\n\t\t\t\t\t<div class=\"elementor-column elementor-col-50 elementor-inner-column elementor-element elementor-element-d33f6d5\" data-id=\"d33f6d5\" data-element_type=\"column\" data-e-type=\"column\" data-settings=\"{&quot;background_background&quot;:&quot;classic&quot;}\">\n\t\t\t<div class=\"elementor-widget-wrap elementor-element-populated\">\n\t\t\t\t\t\t<div class=\"elementor-element elementor-element-5537489 elementor-widget elementor-widget-heading\" data-id=\"5537489\" data-element_type=\"widget\" data-e-type=\"widget\" data-widget_type=\"heading.default\">\n\t\t\t\t<div class=\"elementor-widget-container\">\n\t\t\t\t\t<h2 class=\"elementor-heading-title elementor-size-default\">Evenemang<\/h2>\t\t\t\t<\/div>\n\t\t\t\t<\/div>\n\t\t\t\t<div class=\"elementor-element elementor-element-001c20f elementor-widget elementor-widget-text-editor\" data-id=\"001c20f\" data-element_type=\"widget\" data-e-type=\"widget\" data-widget_type=\"text-editor.default\">\n\t\t\t\t<div class=\"elementor-widget-container\">\n\t\t\t\t\t\t\t\t\t<p>\u00a0Tornedalen har intressanta evenemang f\u00f6r dig \u00e5ret runt. Doerz, en webbplats f\u00f6r kulturevenemang- och bes\u00f6ksn\u00e4ring erbjuder ocks\u00e5 aktiviteter och upplevelser i omr\u00e5det.<\/p>\t\t\t\t\t\t\t\t<\/div>\n\t\t\t\t<\/div>\n\t\t\t\t\t<\/div>\n\t\t<\/div>\n\t\t\t\t<div class=\"elementor-column elementor-col-50 elementor-inner-column elementor-element elementor-element-214a30e\" data-id=\"214a30e\" data-element_type=\"column\" data-e-type=\"column\" data-settings=\"{&quot;background_background&quot;:&quot;classic&quot;}\">\n\t\t\t<div class=\"elementor-widget-wrap elementor-element-populated\">\n\t\t\t\t\t\t<div class=\"elementor-element elementor-element-791e2aa elementor-widget elementor-widget-spacer\" data-id=\"791e2aa\" data-element_type=\"widget\" data-e-type=\"widget\" data-widget_type=\"spacer.default\">\n\t\t\t\t<div class=\"elementor-widget-container\">\n\t\t\t\t\t\t\t<div class=\"elementor-spacer\">\n\t\t\t<div class=\"elementor-spacer-inner\"><\/div>\n\t\t<\/div>\n\t\t\t\t\t\t<\/div>\n\t\t\t\t<\/div>\n\t\t\t\t\t<\/div>\n\t\t<\/div>\n\t\t\t\t\t<\/div>\n\t\t<\/section>\n\t\t\t\t\t<\/div>\n\t\t<\/div>\n\t\t\t\t\t<\/div>\n\t\t<\/section>\n\t\t\t\t<section class=\"elementor-section elementor-top-section elementor-element elementor-element-5bbfca1 elementor-section-full_width elementor-section-height-default elementor-section-height-default\" data-id=\"5bbfca1\" data-element_type=\"section\" data-e-type=\"section\">\n\t\t\t\t\t\t<div class=\"elementor-container elementor-column-gap-default\">\n\t\t\t\t\t<div class=\"elementor-column elementor-col-100 elementor-top-column elementor-element elementor-element-ec1755c\" data-id=\"ec1755c\" data-element_type=\"column\" data-e-type=\"column\">\n\t\t\t<div class=\"elementor-widget-wrap\">\n\t\t\t\t\t\t\t<\/div>\n\t\t<\/div>\n\t\t\t\t\t<\/div>\n\t\t<\/section>\n\t\t\t\t<section class=\"elementor-section elementor-top-section elementor-element elementor-element-4bfb681 elementor-section-boxed elementor-section-height-default elementor-section-height-default\" data-id=\"4bfb681\" data-element_type=\"section\" data-e-type=\"section\" data-settings=\"{&quot;background_background&quot;:&quot;classic&quot;}\">\n\t\t\t\t\t\t\t<div class=\"elementor-background-overlay\"><\/div>\n\t\t\t\t\t\t\t<div class=\"elementor-container elementor-column-gap-default\">\n\t\t\t\t\t<div class=\"elementor-column elementor-col-50 elementor-top-column elementor-element elementor-element-ad0397a\" data-id=\"ad0397a\" data-element_type=\"column\" data-e-type=\"column\">\n\t\t\t<div class=\"elementor-widget-wrap elementor-element-populated\">\n\t\t\t\t\t\t<div class=\"elementor-element elementor-element-acd8bc9 elementor-widget elementor-widget-text-editor\" data-id=\"acd8bc9\" data-element_type=\"widget\" data-e-type=\"widget\" data-widget_type=\"text-editor.default\">\n\t\t\t\t<div class=\"elementor-widget-container\">\n\t\t\t\t\t\t\t\t\t<p>DOERZ<\/p>\t\t\t\t\t\t\t\t<\/div>\n\t\t\t\t<\/div>\n\t\t\t\t<div class=\"elementor-element elementor-element-c140498 elementor-widget elementor-widget-heading\" data-id=\"c140498\" data-element_type=\"widget\" data-e-type=\"widget\" data-widget_type=\"heading.default\">\n\t\t\t\t<div class=\"elementor-widget-container\">\n\t\t\t\t\t<h2 class=\"elementor-heading-title elementor-size-default\">Upplevelser i Tornedalen<\/h2>\t\t\t\t<\/div>\n\t\t\t\t<\/div>\n\t\t\t\t<div class=\"elementor-element elementor-element-2c55228 elementor-widget elementor-widget-text-editor\" data-id=\"2c55228\" data-element_type=\"widget\" data-e-type=\"widget\" data-widget_type=\"text-editor.default\">\n\t\t\t\t<div class=\"elementor-widget-container\">\n\t\t\t\t\t\t\t\t\t<p>H\u00e4r hittar du de b\u00e4sta upplevelserna i Tornedalen. Tornedalens natur f\u00e4ngslar b\u00e5de inhemska och utl\u00e4ndska bes\u00f6kare. Utelivsaktiviteter och vistelse i fj\u00e4llnaturen tillh\u00f6r de mest popul\u00e4ra lokala upplevelserna<\/p>\t\t\t\t\t\t\t\t<\/div>\n\t\t\t\t<\/div>\n\t\t\t\t<div class=\"elementor-element elementor-element-eec4da0 elementor-widget elementor-widget-button\" data-id=\"eec4da0\" data-element_type=\"widget\" data-e-type=\"widget\" data-widget_type=\"button.default\">\n\t\t\t\t<div class=\"elementor-widget-container\">\n\t\t\t\t\t\t\t\t\t<div class=\"elementor-button-wrapper\">\n\t\t\t\t\t<a class=\"elementor-button elementor-button-link elementor-size-sm\" href=\"https:\/\/fi.doerz.com\/tornedalen-tornionlaakso?from=header-search-open\">\n\t\t\t\t\t\t<span class=\"elementor-button-content-wrapper\">\n\t\t\t\t\t\t\t\t\t<span class=\"elementor-button-text\">TA DEL<\/span>\n\t\t\t\t\t<\/span>\n\t\t\t\t\t<\/a>\n\t\t\t\t<\/div>\n\t\t\t\t\t\t\t\t<\/div>\n\t\t\t\t<\/div>\n\t\t\t\t<div class=\"elementor-element elementor-element-06dd998 elementor-widget elementor-widget-image\" data-id=\"06dd998\" data-element_type=\"widget\" data-e-type=\"widget\" data-widget_type=\"image.default\">\n\t\t\t\t<div class=\"elementor-widget-container\">\n\t\t\t\t\t\t\t\t\t\t\t\t\t\t\t<img decoding=\"async\" width=\"306\" height=\"82\" src=\"https:\/\/tornedalen.org\/wp-content\/uploads\/2022\/02\/Group-102.png\" class=\"attachment-large size-large wp-image-2063\" alt=\"\" srcset=\"https:\/\/tornedalen.org\/wp-content\/uploads\/2022\/02\/Group-102.png 306w, https:\/\/tornedalen.org\/wp-content\/uploads\/2022\/02\/Group-102-300x80.png 300w, https:\/\/tornedalen.org\/wp-content\/uploads\/2022\/02\/Group-102-18x5.png 18w\" sizes=\"(max-width: 306px) 100vw, 306px\" \/>\t\t\t\t\t\t\t\t\t\t\t\t\t\t\t<\/div>\n\t\t\t\t<\/div>\n\t\t\t\t\t<\/div>\n\t\t<\/div>\n\t\t\t\t<div class=\"elementor-column elementor-col-50 elementor-top-column elementor-element elementor-element-0eda63c\" data-id=\"0eda63c\" data-element_type=\"column\" data-e-type=\"column\">\n\t\t\t<div class=\"elementor-widget-wrap elementor-element-populated\">\n\t\t\t\t\t\t<div class=\"elementor-element elementor-element-a4b0775 elementor-widget elementor-widget-image\" data-id=\"a4b0775\" data-element_type=\"widget\" data-e-type=\"widget\" data-widget_type=\"image.default\">\n\t\t\t\t<div class=\"elementor-widget-container\">\n\t\t\t\t\t\t\t\t\t\t\t\t\t\t\t<img fetchpriority=\"high\" decoding=\"async\" width=\"800\" height=\"721\" src=\"https:\/\/tornedalen.org\/wp-content\/uploads\/2022\/05\/Image-1024x923.png\" class=\"attachment-large size-large wp-image-2411\" alt=\"\" srcset=\"https:\/\/tornedalen.org\/wp-content\/uploads\/2022\/05\/Image-1024x923.png 1024w, https:\/\/tornedalen.org\/wp-content\/uploads\/2022\/05\/Image-300x270.png 300w, https:\/\/tornedalen.org\/wp-content\/uploads\/2022\/05\/Image-768x692.png 768w, https:\/\/tornedalen.org\/wp-content\/uploads\/2022\/05\/Image-13x12.png 13w, https:\/\/tornedalen.org\/wp-content\/uploads\/2022\/05\/Image.png 1110w\" sizes=\"(max-width: 800px) 100vw, 800px\" \/>\t\t\t\t\t\t\t\t\t\t\t\t\t\t\t<\/div>\n\t\t\t\t<\/div>\n\t\t\t\t\t<\/div>\n\t\t<\/div>\n\t\t\t\t\t<\/div>\n\t\t<\/section>\n\t\t\t\t<\/div>","protected":false},"excerpt":{"rendered":"<p>Tapahtumat \u00a0Tornionlaaksossa voi osallistua mielenkiintoisiin tapahtumiin vuoden ymp\u00e4ri. Kulttuuritapahtuma- ja matkailusivusto Doerz tarjoaa my\u00f6s tekemist\u00e4 ja kokemista alueella. DOERZ Tornionlaakson el\u00e4mykset T\u00e4lt\u00e4 sivulta l\u00f6yd\u00e4t kaikki parhaat Torniolaakson el\u00e4mykset. Tornionlaakson luonto valloittaa niin kotimaiset kuin ulkomaalaisetkin k\u00e4vij\u00e4t. Suosituimpia paikallisel\u00e4myksi\u00e4 ovat erilaiset ulkoilma-aktiviteetit ja tunturiluonnossa liikkuminen. TUTUSTU<\/p>","protected":false},"author":1,"featured_media":0,"parent":0,"menu_order":0,"comment_status":"closed","ping_status":"closed","template":"","meta":{"inline_featured_image":false,"footnotes":""},"class_list":["post-613","page","type-page","status-publish","hentry"],"_links":{"self":[{"href":"https:\/\/tornedalen.org\/sv\/wp-json\/wp\/v2\/pages\/613","targetHints":{"allow":["GET"]}}],"collection":[{"href":"https:\/\/tornedalen.org\/sv\/wp-json\/wp\/v2\/pages"}],"about":[{"href":"https:\/\/tornedalen.org\/sv\/wp-json\/wp\/v2\/types\/page"}],"author":[{"embeddable":true,"href":"https:\/\/tornedalen.org\/sv\/wp-json\/wp\/v2\/users\/1"}],"replies":[{"embeddable":true,"href":"https:\/\/tornedalen.org\/sv\/wp-json\/wp\/v2\/comments?post=613"}],"version-history":[{"count":25,"href":"https:\/\/tornedalen.org\/sv\/wp-json\/wp\/v2\/pages\/613\/revisions"}],"predecessor-version":[{"id":2663,"href":"https:\/\/tornedalen.org\/sv\/wp-json\/wp\/v2\/pages\/613\/revisions\/2663"}],"wp:attachment":[{"href":"https:\/\/tornedalen.org\/sv\/wp-json\/wp\/v2\/media?parent=613"}],"curies":[{"name":"wp","href":"https:\/\/api.w.org\/{rel}","templated":true}]}}