{"id":677,"date":"2022-01-14T06:10:26","date_gmt":"2022-01-14T06:10:26","guid":{"rendered":"http:\/\/tornedalen.org.www54.zoner-asiakas.fi\/?page_id=677"},"modified":"2025-12-08T09:55:20","modified_gmt":"2025-12-08T09:55:20","slug":"pilottialue-tornionlaakso-2","status":"publish","type":"page","link":"https:\/\/tornedalen.org\/sv\/ajankohtaiset-hankkeet\/pilottialue-tornionlaakso-2\/","title":{"rendered":"Pilotomr\u00e5de Tornedalen"},"content":{"rendered":"\t\t<div data-elementor-type=\"wp-page\" data-elementor-id=\"677\" class=\"elementor elementor-677\" data-elementor-post-type=\"page\">\n\t\t\t\t\t\t<section class=\"elementor-section elementor-top-section elementor-element elementor-element-0ca3338 elementor-section-full_width elementor-section-height-default elementor-section-height-default\" data-id=\"0ca3338\" data-element_type=\"section\" data-e-type=\"section\" id=\"tausta\">\n\t\t\t\t\t\t<div class=\"elementor-container elementor-column-gap-default\">\n\t\t\t\t\t<div class=\"elementor-column elementor-col-100 elementor-top-column elementor-element elementor-element-a650c7a\" data-id=\"a650c7a\" data-element_type=\"column\" data-e-type=\"column\">\n\t\t\t<div class=\"elementor-widget-wrap elementor-element-populated\">\n\t\t\t\t\t\t<section class=\"elementor-section elementor-inner-section elementor-element elementor-element-dabfbf7 elementor-reverse-mobile elementor-section-boxed elementor-section-height-default elementor-section-height-default\" data-id=\"dabfbf7\" data-element_type=\"section\" data-e-type=\"section\">\n\t\t\t\t\t\t<div class=\"elementor-container elementor-column-gap-no\">\n\t\t\t\t\t<div class=\"elementor-column elementor-col-50 elementor-inner-column elementor-element elementor-element-d33f6d5\" data-id=\"d33f6d5\" data-element_type=\"column\" data-e-type=\"column\" data-settings=\"{&quot;background_background&quot;:&quot;classic&quot;}\">\n\t\t\t<div class=\"elementor-widget-wrap elementor-element-populated\">\n\t\t\t\t\t\t<div class=\"elementor-element elementor-element-5537489 elementor-widget elementor-widget-heading\" data-id=\"5537489\" data-element_type=\"widget\" data-e-type=\"widget\" data-widget_type=\"heading.default\">\n\t\t\t\t<div class=\"elementor-widget-container\">\n\t\t\t\t\t<h2 class=\"elementor-heading-title elementor-size-default\">Pilottialue Tornionlaakson tausta<\/h2>\t\t\t\t<\/div>\n\t\t\t\t<\/div>\n\t\t\t\t<div class=\"elementor-element elementor-element-001c20f elementor-widget elementor-widget-text-editor\" data-id=\"001c20f\" data-element_type=\"widget\" data-e-type=\"widget\" data-widget_type=\"text-editor.default\">\n\t\t\t\t<div class=\"elementor-widget-container\">\n\t\t\t\t\t\t\t\t\t<p>Pilottialue Tornionlaakso pohjautuu Pohjoismaiseen verosopimukseen (SopS 26\/1997), jossa sovelletaan rajank\u00e4vij\u00e4s\u00e4\u00e4nn\u00f6st\u00e4 palkkatuloon silloin, kun henkil\u00f6 asuu Suomen ja Ruotsin tai Suomen ja Norjan v\u00e4liseen<br \/>maarajaan rajoittuvassa kunnassa ja ty\u00f6skentelee samaan maarajaan rajoittuvassa kunnassa toisessa valtiossa.<\/p>\t\t\t\t\t\t\t\t<\/div>\n\t\t\t\t<\/div>\n\t\t\t\t\t<\/div>\n\t\t<\/div>\n\t\t\t\t<div class=\"elementor-column elementor-col-50 elementor-inner-column elementor-element elementor-element-214a30e\" data-id=\"214a30e\" data-element_type=\"column\" data-e-type=\"column\" data-settings=\"{&quot;background_background&quot;:&quot;classic&quot;}\">\n\t\t\t<div class=\"elementor-widget-wrap elementor-element-populated\">\n\t\t\t\t\t\t<div class=\"elementor-element elementor-element-791e2aa elementor-widget elementor-widget-spacer\" data-id=\"791e2aa\" data-element_type=\"widget\" data-e-type=\"widget\" data-widget_type=\"spacer.default\">\n\t\t\t\t<div class=\"elementor-widget-container\">\n\t\t\t\t\t\t\t<div class=\"elementor-spacer\">\n\t\t\t<div class=\"elementor-spacer-inner\"><\/div>\n\t\t<\/div>\n\t\t\t\t\t\t<\/div>\n\t\t\t\t<\/div>\n\t\t\t\t\t<\/div>\n\t\t<\/div>\n\t\t\t\t\t<\/div>\n\t\t<\/section>\n\t\t\t\t\t<\/div>\n\t\t<\/div>\n\t\t\t\t\t<\/div>\n\t\t<\/section>\n\t\t\t\t<section class=\"elementor-section elementor-top-section elementor-element elementor-element-224f861 elementor-section-content-middle elementor-section-boxed elementor-section-height-default elementor-section-height-default\" data-id=\"224f861\" data-element_type=\"section\" data-e-type=\"section\" id=\"rajayhteiso\">\n\t\t\t\t\t\t<div class=\"elementor-container elementor-column-gap-default\">\n\t\t\t\t\t<div class=\"elementor-column elementor-col-50 elementor-top-column elementor-element elementor-element-401dcea\" data-id=\"401dcea\" data-element_type=\"column\" data-e-type=\"column\" data-settings=\"{&quot;background_background&quot;:&quot;classic&quot;}\">\n\t\t\t<div class=\"elementor-widget-wrap elementor-element-populated\">\n\t\t\t\t\t\t<div class=\"elementor-element elementor-element-bc5317c elementor-widget elementor-widget-spacer\" data-id=\"bc5317c\" data-element_type=\"widget\" data-e-type=\"widget\" data-widget_type=\"spacer.default\">\n\t\t\t\t<div class=\"elementor-widget-container\">\n\t\t\t\t\t\t\t<div class=\"elementor-spacer\">\n\t\t\t<div class=\"elementor-spacer-inner\"><\/div>\n\t\t<\/div>\n\t\t\t\t\t\t<\/div>\n\t\t\t\t<\/div>\n\t\t\t\t\t<\/div>\n\t\t<\/div>\n\t\t\t\t<div class=\"elementor-column elementor-col-50 elementor-top-column elementor-element elementor-element-6832279\" data-id=\"6832279\" data-element_type=\"column\" data-e-type=\"column\">\n\t\t\t<div class=\"elementor-widget-wrap elementor-element-populated\">\n\t\t\t\t\t\t<div class=\"elementor-element elementor-element-53f7d70 elementor-widget elementor-widget-heading\" data-id=\"53f7d70\" data-element_type=\"widget\" data-e-type=\"widget\" data-widget_type=\"heading.default\">\n\t\t\t\t<div class=\"elementor-widget-container\">\n\t\t\t\t\t<h2 class=\"elementor-heading-title elementor-size-default\">\"Rajayhteis\u00f6\" -k\u00e4site on ainutlaatuinen Pohjoismaissa<\/h2>\t\t\t\t<\/div>\n\t\t\t\t<\/div>\n\t\t\t\t<div class=\"elementor-element elementor-element-2c99322 elementor-widget elementor-widget-text-editor\" data-id=\"2c99322\" data-element_type=\"widget\" data-e-type=\"widget\" data-widget_type=\"text-editor.default\">\n\t\t\t\t<div class=\"elementor-widget-container\">\n\t\t\t\t\t\t\t\t\t<p>Hankkeen p\u00e4\u00e4tavoitteena on liikkuvuuden ja normaalin el\u00e4m\u00e4n turvaaminen rajakuntien asukkaille ja elinkeinoel\u00e4m\u00e4lle my\u00f6s<br \/>poikkeustilanteiden aikana. Tornionlaakson neuvosto on tehnyt aktiivista vaikutusty\u00f6t\u00e4 rajakuntien liikkuvuuden turvaamiseksi my\u00f6s poikkeusaikoina.<\/p><p>Rajayhteis\u00f6 on ainutlaatuinen k\u00e4site koko Pohjoismaissa, ja sen nojalla asukkaat ovat saaneet vapaasti k\u00e4yd\u00e4 ostoksilla, tavata yst\u00e4vi\u00e4\u00e4n, ty\u00f6skennell\u00e4, kuntoilla ja el\u00e4\u00e4 niin normaalia el\u00e4m\u00e4\u00e4 kuin se vallitsevassa pandemiatilanteessa on mahdollista. Tornionlaakson neuvostolla on ollut merkitt\u00e4v\u00e4 rooli t\u00e4m\u00e4n tilanteen saavuttamisessa.<\/p>\t\t\t\t\t\t\t\t<\/div>\n\t\t\t\t<\/div>\n\t\t\t\t\t<\/div>\n\t\t<\/div>\n\t\t\t\t\t<\/div>\n\t\t<\/section>\n\t\t\t\t<section class=\"elementor-section elementor-top-section elementor-element elementor-element-5146e26 elementor-section-boxed elementor-section-height-default elementor-section-height-default\" data-id=\"5146e26\" data-element_type=\"section\" data-e-type=\"section\" id=\"ajankohtaista\" data-settings=\"{&quot;background_background&quot;:&quot;classic&quot;,&quot;background_motion_fx_motion_fx_scrolling&quot;:&quot;yes&quot;,&quot;background_motion_fx_devices&quot;:[&quot;desktop&quot;,&quot;tablet&quot;,&quot;mobile&quot;]}\">\n\t\t\t\t\t\t\t<div class=\"elementor-background-overlay\"><\/div>\n\t\t\t\t\t\t\t<div class=\"elementor-container elementor-column-gap-default\">\n\t\t\t\t\t<div class=\"elementor-column elementor-col-100 elementor-top-column elementor-element elementor-element-153c280\" data-id=\"153c280\" data-element_type=\"column\" data-e-type=\"column\">\n\t\t\t<div class=\"elementor-widget-wrap elementor-element-populated\">\n\t\t\t\t\t\t<section class=\"elementor-section elementor-inner-section elementor-element elementor-element-daa285c elementor-section-boxed elementor-section-height-default elementor-section-height-default\" data-id=\"daa285c\" data-element_type=\"section\" data-e-type=\"section\">\n\t\t\t\t\t\t<div class=\"elementor-container elementor-column-gap-default\">\n\t\t\t\t\t<div class=\"elementor-column elementor-col-50 elementor-inner-column elementor-element elementor-element-2267efb\" data-id=\"2267efb\" data-element_type=\"column\" data-e-type=\"column\">\n\t\t\t<div class=\"elementor-widget-wrap elementor-element-populated\">\n\t\t\t\t\t\t<div class=\"elementor-element elementor-element-daae9da elementor-widget elementor-widget-heading\" data-id=\"daae9da\" data-element_type=\"widget\" data-e-type=\"widget\" data-widget_type=\"heading.default\">\n\t\t\t\t<div class=\"elementor-widget-container\">\n\t\t\t\t\t<h2 class=\"elementor-heading-title elementor-size-default\">Ajankohtaista<\/h2>\t\t\t\t<\/div>\n\t\t\t\t<\/div>\n\t\t\t\t<div class=\"elementor-element elementor-element-7b4dc78 elementor-widget elementor-widget-text-editor\" data-id=\"7b4dc78\" data-element_type=\"widget\" data-e-type=\"widget\" data-widget_type=\"text-editor.default\">\n\t\t\t\t<div class=\"elementor-widget-container\">\n\t\t\t\t\t\t\t\t\t<p>Tornionlaakson neuvoston strategisena tavoitteena on yhdist\u00e4\u00e4<br \/>j\u00e4senkuntien edunvalvontaa alueellisilla ja kansallisilla tasoilla.<\/p><p>T\u00e4m\u00e4 toteutetaan Pilottialue Tornionlaakso -p\u00e4\u00e4hankkeen kautta, jossa edunvalvonta keskittyy Lapin, Norrbottenin ja Tromssan alueen kansanedustajiin, alueisiin, alueellisiin toimijoihin, ministeri\u00f6iden poliittiseen johtoon sek\u00e4 keskeisiin viranomaisiin.<\/p>\t\t\t\t\t\t\t\t<\/div>\n\t\t\t\t<\/div>\n\t\t\t\t\t<\/div>\n\t\t<\/div>\n\t\t\t\t<div class=\"elementor-column elementor-col-50 elementor-inner-column elementor-element elementor-element-55b0ac7\" data-id=\"55b0ac7\" data-element_type=\"column\" data-e-type=\"column\" data-settings=\"{&quot;background_background&quot;:&quot;classic&quot;}\">\n\t\t\t<div class=\"elementor-widget-wrap elementor-element-populated\">\n\t\t\t\t\t\t<div class=\"elementor-element elementor-element-4fe35cf elementor-widget elementor-widget-spacer\" data-id=\"4fe35cf\" data-element_type=\"widget\" data-e-type=\"widget\" data-widget_type=\"spacer.default\">\n\t\t\t\t<div class=\"elementor-widget-container\">\n\t\t\t\t\t\t\t<div class=\"elementor-spacer\">\n\t\t\t<div class=\"elementor-spacer-inner\"><\/div>\n\t\t<\/div>\n\t\t\t\t\t\t<\/div>\n\t\t\t\t<\/div>\n\t\t\t\t\t<\/div>\n\t\t<\/div>\n\t\t\t\t\t<\/div>\n\t\t<\/section>\n\t\t\t\t\t<\/div>\n\t\t<\/div>\n\t\t\t\t\t<\/div>\n\t\t<\/section>\n\t\t\t\t<section class=\"elementor-section elementor-top-section elementor-element elementor-element-3fd9b798 elementor-section-boxed elementor-section-height-default elementor-section-height-default\" data-id=\"3fd9b798\" data-element_type=\"section\" data-e-type=\"section\" id=\"tyomarkkina-alue\" data-settings=\"{&quot;background_background&quot;:&quot;classic&quot;}\">\n\t\t\t\t\t\t<div class=\"elementor-container elementor-column-gap-default\">\n\t\t\t\t\t<div class=\"elementor-column elementor-col-100 elementor-top-column elementor-element elementor-element-11343960\" data-id=\"11343960\" data-element_type=\"column\" data-e-type=\"column\">\n\t\t\t<div class=\"elementor-widget-wrap elementor-element-populated\">\n\t\t\t\t\t\t<div class=\"elementor-element elementor-element-795cf7f elementor-widget elementor-widget-elementskit-heading\" data-id=\"795cf7f\" data-element_type=\"widget\" data-e-type=\"widget\" data-widget_type=\"elementskit-heading.default\">\n\t\t\t\t<div class=\"elementor-widget-container\">\n\t\t\t\t\t<div class=\"ekit-wid-con\" ><div class=\"ekit-heading elementskit-section-title-wraper center   ekit_heading_tablet-   ekit_heading_mobile-\"><h2 class=\"ekit-heading--title elementskit-section-title \">Rajat ylitt\u00e4v\u00e4 ty\u00f6markkina-alue<\/h2>\t\t\t\t<div class='ekit-heading__description'>\n\t\t\t\t\t<p>Elinkeinoel\u00e4m\u00e4, koulutus, terveydenhuolto, ty\u00f6markkinatoimenpiteet ja poliisiyhteisty\u00f6 yli rajojen<\/p>\n\t\t\t\t<\/div>\n\t\t\t<\/div><\/div>\t\t\t\t<\/div>\n\t\t\t\t<\/div>\n\t\t\t\t<section class=\"elementor-section elementor-inner-section elementor-element elementor-element-79ebf20 elementor-section-boxed elementor-section-height-default elementor-section-height-default\" data-id=\"79ebf20\" data-element_type=\"section\" data-e-type=\"section\">\n\t\t\t\t\t\t<div class=\"elementor-container elementor-column-gap-default\">\n\t\t\t\t\t<div class=\"elementor-column elementor-col-33 elementor-inner-column elementor-element elementor-element-1b999103\" data-id=\"1b999103\" data-element_type=\"column\" data-e-type=\"column\">\n\t\t\t<div class=\"elementor-widget-wrap elementor-element-populated\">\n\t\t\t\t\t\t<div class=\"elementor-element elementor-element-0379d9a elementor-widget elementor-widget-heading\" data-id=\"0379d9a\" data-element_type=\"widget\" data-e-type=\"widget\" data-widget_type=\"heading.default\">\n\t\t\t\t<div class=\"elementor-widget-container\">\n\t\t\t\t\t<h2 class=\"elementor-heading-title elementor-size-default\">Laajemmat mahdollisuudet<\/h2>\t\t\t\t<\/div>\n\t\t\t\t<\/div>\n\t\t\t\t<div class=\"elementor-element elementor-element-128e842 elementor-widget elementor-widget-text-editor\" data-id=\"128e842\" data-element_type=\"widget\" data-e-type=\"widget\" data-widget_type=\"text-editor.default\">\n\t\t\t\t<div class=\"elementor-widget-container\">\n\t\t\t\t\t\t\t\t\t<p>Laajemmat mahdollisuudet raja-alueiden asukkaille, elinkeinoel\u00e4m\u00e4lle ja kunnille.<\/p>\t\t\t\t\t\t\t\t<\/div>\n\t\t\t\t<\/div>\n\t\t\t\t\t<\/div>\n\t\t<\/div>\n\t\t\t\t<div class=\"elementor-column elementor-col-33 elementor-inner-column elementor-element elementor-element-b1e0a5a\" data-id=\"b1e0a5a\" data-element_type=\"column\" data-e-type=\"column\">\n\t\t\t<div class=\"elementor-widget-wrap elementor-element-populated\">\n\t\t\t\t\t\t<div class=\"elementor-element elementor-element-2067a49 elementor-widget elementor-widget-heading\" data-id=\"2067a49\" data-element_type=\"widget\" data-e-type=\"widget\" data-widget_type=\"heading.default\">\n\t\t\t\t<div class=\"elementor-widget-container\">\n\t\t\t\t\t<h2 class=\"elementor-heading-title elementor-size-default\">Erityisoikeudet asukkaille<\/h2>\t\t\t\t<\/div>\n\t\t\t\t<\/div>\n\t\t\t\t<div class=\"elementor-element elementor-element-da62249 elementor-widget elementor-widget-text-editor\" data-id=\"da62249\" data-element_type=\"widget\" data-e-type=\"widget\" data-widget_type=\"text-editor.default\">\n\t\t\t\t<div class=\"elementor-widget-container\">\n\t\t\t\t\t\t\t\t\t<p>Erityisoikeuksia asukkaille, toimii my\u00f6s kuntamarkkinointina, houkuttelee uusia asukkaita, kolmen maan edut konkreettisella tavalla.<\/p>\t\t\t\t\t\t\t\t<\/div>\n\t\t\t\t<\/div>\n\t\t\t\t\t<\/div>\n\t\t<\/div>\n\t\t\t\t<div class=\"elementor-column elementor-col-33 elementor-inner-column elementor-element elementor-element-ad2726d\" data-id=\"ad2726d\" data-element_type=\"column\" data-e-type=\"column\">\n\t\t\t<div class=\"elementor-widget-wrap elementor-element-populated\">\n\t\t\t\t\t\t<div class=\"elementor-element elementor-element-d5a28ac elementor-widget elementor-widget-heading\" data-id=\"d5a28ac\" data-element_type=\"widget\" data-e-type=\"widget\" data-widget_type=\"heading.default\">\n\t\t\t\t<div class=\"elementor-widget-container\">\n\t\t\t\t\t<h2 class=\"elementor-heading-title elementor-size-default\">Rajakuntien asukkaiden liikkuvuuden turvaaminen<\/h2>\t\t\t\t<\/div>\n\t\t\t\t<\/div>\n\t\t\t\t<div class=\"elementor-element elementor-element-08434ee elementor-widget elementor-widget-text-editor\" data-id=\"08434ee\" data-element_type=\"widget\" data-e-type=\"widget\" data-widget_type=\"text-editor.default\">\n\t\t\t\t<div class=\"elementor-widget-container\">\n\t\t\t\t\t\t\t\t\t<p>Varmistaa liikkuvuuden ja jokap\u00e4iv\u00e4isen<br \/>el\u00e4m\u00e4ntavan asukkaille, elinkeinoel\u00e4m\u00e4lle ja julkiselle sektorille ty\u00f6ss\u00e4k\u00e4ynti- ja\/tai raja-alueilla my\u00f6s mahdollisten poikkeustilanteiden aikana.<\/p>\t\t\t\t\t\t\t\t<\/div>\n\t\t\t\t<\/div>\n\t\t\t\t\t<\/div>\n\t\t<\/div>\n\t\t\t\t\t<\/div>\n\t\t<\/section>\n\t\t\t\t\t<\/div>\n\t\t<\/div>\n\t\t\t\t\t<\/div>\n\t\t<\/section>\n\t\t\t\t<\/div>\n\t\t","protected":false},"excerpt":{"rendered":"<p>Pilottialue Tornionlaakson tausta Pilottialue Tornionlaakso pohjautuu Pohjoismaiseen verosopimukseen (SopS 26\/1997), jossa sovelletaan rajank\u00e4vij\u00e4s\u00e4\u00e4nn\u00f6st\u00e4 palkkatuloon silloin, kun henkil\u00f6 asuu Suomen ja Ruotsin tai Suomen ja Norjan v\u00e4liseenmaarajaan rajoittuvassa kunnassa ja ty\u00f6skentelee samaan maarajaan rajoittuvassa kunnassa toisessa valtiossa. &#8221;Rajayhteis\u00f6&#8221; -k\u00e4site on ainutlaatuinen Pohjoismaissa Hankkeen p\u00e4\u00e4tavoitteena on liikkuvuuden ja normaalin el\u00e4m\u00e4n turvaaminen rajakuntien asukkaille ja elinkeinoel\u00e4m\u00e4lle my\u00f6spoikkeustilanteiden aikana. [&hellip;]<\/p>\n","protected":false},"author":1,"featured_media":0,"parent":576,"menu_order":0,"comment_status":"closed","ping_status":"closed","template":"","meta":{"inline_featured_image":false,"footnotes":""},"class_list":["post-677","page","type-page","status-publish","hentry"],"_links":{"self":[{"href":"https:\/\/tornedalen.org\/sv\/wp-json\/wp\/v2\/pages\/677","targetHints":{"allow":["GET"]}}],"collection":[{"href":"https:\/\/tornedalen.org\/sv\/wp-json\/wp\/v2\/pages"}],"about":[{"href":"https:\/\/tornedalen.org\/sv\/wp-json\/wp\/v2\/types\/page"}],"author":[{"embeddable":true,"href":"https:\/\/tornedalen.org\/sv\/wp-json\/wp\/v2\/users\/1"}],"replies":[{"embeddable":true,"href":"https:\/\/tornedalen.org\/sv\/wp-json\/wp\/v2\/comments?post=677"}],"version-history":[{"count":64,"href":"https:\/\/tornedalen.org\/sv\/wp-json\/wp\/v2\/pages\/677\/revisions"}],"predecessor-version":[{"id":6198,"href":"https:\/\/tornedalen.org\/sv\/wp-json\/wp\/v2\/pages\/677\/revisions\/6198"}],"up":[{"embeddable":true,"href":"https:\/\/tornedalen.org\/sv\/wp-json\/wp\/v2\/pages\/576"}],"wp:attachment":[{"href":"https:\/\/tornedalen.org\/sv\/wp-json\/wp\/v2\/media?parent=677"}],"curies":[{"name":"wp","href":"https:\/\/api.w.org\/{rel}","templated":true}]}}