{"id":784,"date":"2022-01-17T07:49:03","date_gmt":"2022-01-17T07:49:03","guid":{"rendered":"http:\/\/tornedalen.org.www54.zoner-asiakas.fi\/?page_id=784"},"modified":"2022-01-17T07:52:54","modified_gmt":"2022-01-17T07:52:54","slug":"mediassa","status":"publish","type":"page","link":"https:\/\/tornedalen.org\/sv\/mediassa\/","title":{"rendered":"Mediassa"},"content":{"rendered":"\t\t<div data-elementor-type=\"wp-page\" data-elementor-id=\"784\" class=\"elementor elementor-784\" data-elementor-post-type=\"page\">\n\t\t\t\t\t\t<section class=\"elementor-section elementor-top-section elementor-element elementor-element-e440431 elementor-section-full_width elementor-section-height-default elementor-section-height-default\" data-id=\"e440431\" data-element_type=\"section\" data-e-type=\"section\" data-settings=\"{&quot;background_background&quot;:&quot;classic&quot;}\">\n\t\t\t\t\t\t<div class=\"elementor-container elementor-column-gap-default\">\n\t\t\t\t\t<div class=\"elementor-column elementor-col-100 elementor-top-column elementor-element elementor-element-bbd4f04\" data-id=\"bbd4f04\" data-element_type=\"column\" data-e-type=\"column\">\n\t\t\t<div class=\"elementor-widget-wrap elementor-element-populated\">\n\t\t\t\t\t\t<div class=\"elementor-element elementor-element-dc908f2 elementor-widget elementor-widget-spacer\" data-id=\"dc908f2\" data-element_type=\"widget\" data-e-type=\"widget\" data-widget_type=\"spacer.default\">\n\t\t\t\t<div class=\"elementor-widget-container\">\n\t\t\t\t\t\t\t<div class=\"elementor-spacer\">\n\t\t\t<div class=\"elementor-spacer-inner\"><\/div>\n\t\t<\/div>\n\t\t\t\t\t\t<\/div>\n\t\t\t\t<\/div>\n\t\t\t\t\t<\/div>\n\t\t<\/div>\n\t\t\t\t\t<\/div>\n\t\t<\/section>\n\t\t\t\t<section class=\"elementor-section elementor-top-section elementor-element elementor-element-e4ef976 elementor-section-content-middle elementor-section-boxed elementor-section-height-default elementor-section-height-default\" data-id=\"e4ef976\" data-element_type=\"section\" data-e-type=\"section\" data-settings=\"{&quot;background_background&quot;:&quot;classic&quot;}\">\n\t\t\t\t\t\t<div class=\"elementor-container elementor-column-gap-default\">\n\t\t\t\t\t<div class=\"elementor-column elementor-col-50 elementor-top-column elementor-element elementor-element-47bec55\" data-id=\"47bec55\" data-element_type=\"column\" data-e-type=\"column\">\n\t\t\t<div class=\"elementor-widget-wrap elementor-element-populated\">\n\t\t\t\t\t\t<div class=\"elementor-element elementor-element-b000780 elementor-widget elementor-widget-heading\" data-id=\"b000780\" data-element_type=\"widget\" data-e-type=\"widget\" data-widget_type=\"heading.default\">\n\t\t\t\t<div class=\"elementor-widget-container\">\n\t\t\t\t\t<h1 class=\"elementor-heading-title elementor-size-default\">Mediassa<\/h1>\t\t\t\t<\/div>\n\t\t\t\t<\/div>\n\t\t\t\t<div class=\"elementor-element elementor-element-b9c9919 elementor-widget elementor-widget-text-editor\" data-id=\"b9c9919\" data-element_type=\"widget\" data-e-type=\"widget\" data-widget_type=\"text-editor.default\">\n\t\t\t\t<div class=\"elementor-widget-container\">\n\t\t\t\t\t\t\t\t\t<p>Tornionlaakson neuvosto on vaikuttajana sek\u00e4 alueellisesti ett\u00e4 valtakunnallisesti. Seuraa ty\u00f6t\u00e4mme ja n\u00e4kyvyytt\u00e4mme eri medioissa.\u00a0<\/p>\t\t\t\t\t\t\t\t<\/div>\n\t\t\t\t<\/div>\n\t\t\t\t\t<\/div>\n\t\t<\/div>\n\t\t\t\t<div class=\"elementor-column elementor-col-50 elementor-top-column elementor-element elementor-element-5cb4c76\" data-id=\"5cb4c76\" data-element_type=\"column\" data-e-type=\"column\">\n\t\t\t<div class=\"elementor-widget-wrap\">\n\t\t\t\t\t\t\t<\/div>\n\t\t<\/div>\n\t\t\t\t\t<\/div>\n\t\t<\/section>\n\t\t\t\t<section class=\"elementor-section elementor-top-section elementor-element elementor-element-8b0d05e elementor-section-boxed elementor-section-height-default elementor-section-height-default\" data-id=\"8b0d05e\" data-element_type=\"section\" data-e-type=\"section\" id=\"xs_pie_7\" data-settings=\"{&quot;background_background&quot;:&quot;classic&quot;}\">\n\t\t\t\t\t\t<div class=\"elementor-container elementor-column-gap-default\">\n\t\t\t\t\t<div class=\"elementor-column elementor-col-100 elementor-top-column elementor-element elementor-element-63cd827\" data-id=\"63cd827\" data-element_type=\"column\" data-e-type=\"column\">\n\t\t\t<div class=\"elementor-widget-wrap elementor-element-populated\">\n\t\t\t\t\t\t<div class=\"elementor-element elementor-element-72444b7a elementor-widget elementor-widget-elementskit-heading\" data-id=\"72444b7a\" data-element_type=\"widget\" data-e-type=\"widget\" data-widget_type=\"elementskit-heading.default\">\n\t\t\t\t<div class=\"elementor-widget-container\">\n\t\t\t\t\t<div class=\"ekit-wid-con\" ><div class=\"ekit-heading elementskit-section-title-wraper center   ekit_heading_tablet-   ekit_heading_mobile-\"><h2 class=\"ekit-heading--title elementskit-section-title \">T\u00e4ss\u00e4 esimerkki uutissy\u00f6tteest\u00e4 RSS \/ Aurora Estate \/ Mynewsdesk<\/h2><\/div><\/div>\t\t\t\t<\/div>\n\t\t\t\t<\/div>\n\t\t\t\t<div class=\"elementor-element elementor-element-adeff46 elementor-widget elementor-widget-text-editor\" data-id=\"adeff46\" data-element_type=\"widget\" data-e-type=\"widget\" data-widget_type=\"text-editor.default\">\n\t\t\t\t<div class=\"elementor-widget-container\">\n\t\t\t\t\t\t\t\t\t<p>[wp-rss-aggregator]<\/p>\t\t\t\t\t\t\t\t<\/div>\n\t\t\t\t<\/div>\n\t\t\t\t\t<\/div>\n\t\t<\/div>\n\t\t\t\t\t<\/div>\n\t\t<\/section>\n\t\t\t\t<section class=\"elementor-section elementor-top-section elementor-element elementor-element-fed0343 elementor-section-boxed elementor-section-height-default elementor-section-height-default\" data-id=\"fed0343\" data-element_type=\"section\" data-e-type=\"section\">\n\t\t\t\t\t\t<div class=\"elementor-container elementor-column-gap-default\">\n\t\t\t\t\t<div class=\"elementor-column elementor-col-100 elementor-top-column elementor-element elementor-element-01df55e\" data-id=\"01df55e\" data-element_type=\"column\" data-e-type=\"column\">\n\t\t\t<div class=\"elementor-widget-wrap\">\n\t\t\t\t\t\t\t<\/div>\n\t\t<\/div>\n\t\t\t\t\t<\/div>\n\t\t<\/section>\n\t\t\t\t<\/div>\n\t\t","protected":false},"excerpt":{"rendered":"<p>Mediassa Tornionlaakson neuvosto on vaikuttajana sek\u00e4 alueellisesti ett\u00e4 valtakunnallisesti. Seuraa ty\u00f6t\u00e4mme ja n\u00e4kyvyytt\u00e4mme eri medioissa.\u00a0 T\u00e4ss\u00e4 esimerkki uutissy\u00f6tteest\u00e4 RSS \/ Aurora Estate \/ Mynewsdesk [wp-rss-aggregator] Tornedalsr\u00e5det\/Tornionlaakson Neuvosto 11 months ago RT @TimoRautajoki: Viikon alkuun t\u00e4rke\u00e4 palaveri yhdess\u00e4 @TNeuvosto kanssa raja- ja terveydenhuoltoviranomaisten kanssa tilanteesta l\u00e4nsira\u2026 Read More Tornedalsr\u00e5det\/Tornionlaakson Neuvosto 1 year ago Rajayhteis\u00f6ille vapaa kulku [&hellip;]<\/p>\n","protected":false},"author":1,"featured_media":0,"parent":0,"menu_order":0,"comment_status":"closed","ping_status":"closed","template":"","meta":{"inline_featured_image":false,"footnotes":""},"class_list":["post-784","page","type-page","status-publish","hentry"],"_links":{"self":[{"href":"https:\/\/tornedalen.org\/sv\/wp-json\/wp\/v2\/pages\/784","targetHints":{"allow":["GET"]}}],"collection":[{"href":"https:\/\/tornedalen.org\/sv\/wp-json\/wp\/v2\/pages"}],"about":[{"href":"https:\/\/tornedalen.org\/sv\/wp-json\/wp\/v2\/types\/page"}],"author":[{"embeddable":true,"href":"https:\/\/tornedalen.org\/sv\/wp-json\/wp\/v2\/users\/1"}],"replies":[{"embeddable":true,"href":"https:\/\/tornedalen.org\/sv\/wp-json\/wp\/v2\/comments?post=784"}],"version-history":[{"count":10,"href":"https:\/\/tornedalen.org\/sv\/wp-json\/wp\/v2\/pages\/784\/revisions"}],"predecessor-version":[{"id":794,"href":"https:\/\/tornedalen.org\/sv\/wp-json\/wp\/v2\/pages\/784\/revisions\/794"}],"wp:attachment":[{"href":"https:\/\/tornedalen.org\/sv\/wp-json\/wp\/v2\/media?parent=784"}],"curies":[{"name":"wp","href":"https:\/\/api.w.org\/{rel}","templated":true}]}}